{"id":217,"date":"2020-05-12T03:43:03","date_gmt":"2020-05-12T03:43:03","guid":{"rendered":"https:\/\/loft360.com.co\/index.php\/home\/"},"modified":"2025-02-12T16:29:13","modified_gmt":"2025-02-12T16:29:13","slug":"home","status":"publish","type":"page","link":"https:\/\/loft360.com.co\/","title":{"rendered":"LOFT 360"},"content":{"rendered":"\n<div class=\"wp-block-cover alignfull has-large-font-size\" style=\"padding-top:0;padding-right:0;padding-bottom:0;padding-left:0;min-height:968px;aspect-ratio:unset;\"><span aria-hidden=\"true\" class=\"wp-block-cover__background has-ast-global-color-3-background-color has-background-dim\"><\/span><img loading=\"lazy\" decoding=\"async\" width=\"10001\" height=\"3702\" class=\"wp-block-cover__image-background wp-image-756\" alt=\"\" src=\"https:\/\/loft360.com.co\/wp-content\/uploads\/2025\/02\/11022025_PORTADAHEADER_V1_Mesa-de-trabajo-1.png\" data-object-fit=\"cover\" srcset=\"https:\/\/loft360.com.co\/wp-content\/uploads\/2025\/02\/11022025_PORTADAHEADER_V1_Mesa-de-trabajo-1.png 10001w, https:\/\/loft360.com.co\/wp-content\/uploads\/2025\/02\/11022025_PORTADAHEADER_V1_Mesa-de-trabajo-1-300x111.png 300w, https:\/\/loft360.com.co\/wp-content\/uploads\/2025\/02\/11022025_PORTADAHEADER_V1_Mesa-de-trabajo-1-1024x379.png 1024w, https:\/\/loft360.com.co\/wp-content\/uploads\/2025\/02\/11022025_PORTADAHEADER_V1_Mesa-de-trabajo-1-768x284.png 768w, https:\/\/loft360.com.co\/wp-content\/uploads\/2025\/02\/11022025_PORTADAHEADER_V1_Mesa-de-trabajo-1-1536x569.png 1536w, https:\/\/loft360.com.co\/wp-content\/uploads\/2025\/02\/11022025_PORTADAHEADER_V1_Mesa-de-trabajo-1-2048x758.png 2048w\" sizes=\"auto, (max-width: 10001px) 100vw, 10001px\" \/><div class=\"wp-block-cover__inner-container is-layout-flow wp-block-cover-is-layout-flow\">\n<div class=\"wp-block-cover is-light\" style=\"min-height:77px;aspect-ratio:unset;\"><span aria-hidden=\"true\" class=\"wp-block-cover__background has-white-background-color has-background-dim\"><\/span><img loading=\"lazy\" decoding=\"async\" width=\"10981\" height=\"3842\" class=\"wp-block-cover__image-background wp-image-788\" alt=\"\" src=\"https:\/\/loft360.com.co\/wp-content\/uploads\/2025\/02\/Fondo-Blanco_Mesa-de-trabajo-1.png\" data-object-fit=\"cover\" srcset=\"https:\/\/loft360.com.co\/wp-content\/uploads\/2025\/02\/Fondo-Blanco_Mesa-de-trabajo-1.png 10981w, https:\/\/loft360.com.co\/wp-content\/uploads\/2025\/02\/Fondo-Blanco_Mesa-de-trabajo-1-300x105.png 300w, https:\/\/loft360.com.co\/wp-content\/uploads\/2025\/02\/Fondo-Blanco_Mesa-de-trabajo-1-1024x358.png 1024w, https:\/\/loft360.com.co\/wp-content\/uploads\/2025\/02\/Fondo-Blanco_Mesa-de-trabajo-1-768x269.png 768w, https:\/\/loft360.com.co\/wp-content\/uploads\/2025\/02\/Fondo-Blanco_Mesa-de-trabajo-1-1536x537.png 1536w, https:\/\/loft360.com.co\/wp-content\/uploads\/2025\/02\/Fondo-Blanco_Mesa-de-trabajo-1-2048x717.png 2048w\" sizes=\"auto, (max-width: 10981px) 100vw, 10981px\" \/><div class=\"wp-block-cover__inner-container is-layout-constrained wp-block-cover-is-layout-constrained\">\n<div class=\"wp-block-uagb-advanced-heading uagb-block-df1b326d\"><h2 class=\"uagb-heading-text\">Transformamos Espacios con Innovaci\u00f3n Digital<\/h2><\/div>\n<\/div><\/div>\n\n\n\n<p class=\"has-text-align-center has-ast-global-color-5-color has-text-color has-small-font-size\">Dise\u00f1o Arquitect\u00f3nico, Recorridos virtuales y Comercializaci\u00f3n inmobiliaria en un solo lugar. <br>Bienvenidos a la revoluci\u00f3n digital.<\/p>\n\n\n\n<div class=\"wp-block-buttons is-horizontal is-content-justification-center is-layout-flex wp-container-core-buttons-is-layout-1 wp-block-buttons-is-layout-flex\">\n<div class=\"wp-block-button has-custom-font-size is-style-fill\" style=\"font-size:15px\"><a class=\"wp-block-button__link has-ast-global-color-2-color has-ast-global-color-5-background-color has-text-color has-background wp-element-button\" href=\"#BloqueLineas\" style=\"border-radius:8px;padding-top:14px;padding-right:14px;padding-bottom:14px;padding-left:14px\"><strong>descubre como<\/strong><\/a><\/div>\n<\/div>\n<\/div><\/div>\n\n\n\n<div class=\"wp-block-uagb-container uagb-block-cc6b766d alignwide uagb-is-root-container\">\n<div class=\"wp-block-uagb-container uagb-block-147f6c4b\">\n<div class=\"wp-block-cover\"><span aria-hidden=\"true\" class=\"wp-block-cover__background has-background-dim\" style=\"background-color:#6d6d6d\"><\/span><img loading=\"lazy\" decoding=\"async\" width=\"1440\" height=\"959\" class=\"wp-block-cover__image-background wp-image-781\" alt=\"\" src=\"https:\/\/loft360.com.co\/wp-content\/uploads\/2025\/02\/PORTADA-PORTAFOLIO.png\" data-object-fit=\"cover\" srcset=\"https:\/\/loft360.com.co\/wp-content\/uploads\/2025\/02\/PORTADA-PORTAFOLIO.png 1440w, https:\/\/loft360.com.co\/wp-content\/uploads\/2025\/02\/PORTADA-PORTAFOLIO-300x200.png 300w, https:\/\/loft360.com.co\/wp-content\/uploads\/2025\/02\/PORTADA-PORTAFOLIO-1024x682.png 1024w, https:\/\/loft360.com.co\/wp-content\/uploads\/2025\/02\/PORTADA-PORTAFOLIO-768x511.png 768w\" sizes=\"auto, (max-width: 1440px) 100vw, 1440px\" \/><div class=\"wp-block-cover__inner-container is-layout-constrained wp-block-cover-is-layout-constrained\">\n<div class=\"wp-block-cover is-light\" style=\"min-height:50px;aspect-ratio:unset;\"><span aria-hidden=\"true\" class=\"wp-block-cover__background has-white-background-color has-background-dim\"><\/span><img loading=\"lazy\" decoding=\"async\" width=\"10981\" height=\"3842\" class=\"wp-block-cover__image-background wp-image-788\" alt=\"\" src=\"https:\/\/loft360.com.co\/wp-content\/uploads\/2025\/02\/Fondo-Blanco_Mesa-de-trabajo-1.png\" data-object-fit=\"cover\" srcset=\"https:\/\/loft360.com.co\/wp-content\/uploads\/2025\/02\/Fondo-Blanco_Mesa-de-trabajo-1.png 10981w, https:\/\/loft360.com.co\/wp-content\/uploads\/2025\/02\/Fondo-Blanco_Mesa-de-trabajo-1-300x105.png 300w, https:\/\/loft360.com.co\/wp-content\/uploads\/2025\/02\/Fondo-Blanco_Mesa-de-trabajo-1-1024x358.png 1024w, https:\/\/loft360.com.co\/wp-content\/uploads\/2025\/02\/Fondo-Blanco_Mesa-de-trabajo-1-768x269.png 768w, https:\/\/loft360.com.co\/wp-content\/uploads\/2025\/02\/Fondo-Blanco_Mesa-de-trabajo-1-1536x537.png 1536w, https:\/\/loft360.com.co\/wp-content\/uploads\/2025\/02\/Fondo-Blanco_Mesa-de-trabajo-1-2048x717.png 2048w\" sizes=\"auto, (max-width: 10981px) 100vw, 10981px\" \/><div class=\"wp-block-cover__inner-container is-layout-constrained wp-block-cover-is-layout-constrained\">\n<div class=\"wp-block-uagb-advanced-heading uagb-block-454161f2\"><h2 class=\"uagb-heading-text\">\u00bfQui\u00e9nes somos?<\/h2><\/div>\n<\/div><\/div>\n<\/div><\/div>\n<\/div>\n\n\n\n<div class=\"wp-block-uagb-container uagb-block-9d65e5ad\">\n<p>En <strong>LOFT360<\/strong> combinamos <strong>arquitectura, tecnolog\u00eda y realidad aumentada<\/strong> para transformar la manera en que se dise\u00f1an, exploran y comercializan los espacios. <br><br>Nuestro equipo de expertos utiliza herramientas avanzadas como <strong>BIM, recorridos virtuales 360\u00b0 y modelado 3D<\/strong> para ofrecer soluciones innovadoras tanto en el \u00e1mbito <strong>arquitect\u00f3nico<\/strong> como en el sector <strong>inmobiliario. <\/strong><br><br>Ya sea para <strong>visualizar un proyecto antes de construirlo<\/strong> o para vender una propiedad <strong>sin visitas presenciales<\/strong>, en LOFT360 llevamos la experiencia al siguiente nivel.<\/p>\n<\/div>\n<\/div>\n\n\n\n<h2 class=\"wp-block-heading has-text-align-center\">Conoce nuestras Especialidades.<\/h2>\n\n\n\n<div class=\"wp-block-uagb-container uagb-block-fab18cd2 alignwide uagb-is-root-container\">\n<div class=\"wp-block-cover is-light\"><span aria-hidden=\"true\" class=\"wp-block-cover__background has-background-dim\" style=\"background-color:#808080\"><\/span><img loading=\"lazy\" decoding=\"async\" width=\"740\" height=\"959\" class=\"wp-block-cover__image-background wp-image-799\" alt=\"\" src=\"https:\/\/loft360.com.co\/wp-content\/uploads\/2025\/02\/Render-CEDUPV-bn.png\" data-object-fit=\"cover\" srcset=\"https:\/\/loft360.com.co\/wp-content\/uploads\/2025\/02\/Render-CEDUPV-bn.png 740w, https:\/\/loft360.com.co\/wp-content\/uploads\/2025\/02\/Render-CEDUPV-bn-231x300.png 231w\" sizes=\"auto, (max-width: 740px) 100vw, 740px\" \/><div class=\"wp-block-cover__inner-container is-layout-constrained wp-block-cover-is-layout-constrained\">\n<div class=\"wp-block-cover is-light\" style=\"min-height:87px;aspect-ratio:unset;\"><span aria-hidden=\"true\" class=\"wp-block-cover__background has-white-background-color has-background-dim\"><\/span><img decoding=\"async\" class=\"wp-block-cover__image-background\" src=\"blob:https:\/\/loft360.com.co\/793a399d-04e7-494f-bc8f-e2c072d1eeb9\" data-object-fit=\"cover\"\/><div class=\"wp-block-cover__inner-container is-layout-constrained wp-block-cover-is-layout-constrained\">\n<h2 class=\"wp-block-heading has-text-align-center has-medium-font-size\">Revolucionamos la Arquitectura con Tecnolog\u00eda<\/h2>\n<\/div><\/div>\n\n\n\n<p>Dentro <\/p>\n<\/div><\/div>\n\n\n\n<div class=\"wp-block-cover\"><span aria-hidden=\"true\" class=\"wp-block-cover__background has-background-dim\" style=\"background-color:#707070\"><\/span><img loading=\"lazy\" decoding=\"async\" width=\"1328\" height=\"937\" class=\"wp-block-cover__image-background wp-image-800\" alt=\"\" src=\"https:\/\/loft360.com.co\/wp-content\/uploads\/2025\/02\/SOLINOMB.png\" data-object-fit=\"cover\" srcset=\"https:\/\/loft360.com.co\/wp-content\/uploads\/2025\/02\/SOLINOMB.png 1328w, https:\/\/loft360.com.co\/wp-content\/uploads\/2025\/02\/SOLINOMB-300x212.png 300w, https:\/\/loft360.com.co\/wp-content\/uploads\/2025\/02\/SOLINOMB-1024x723.png 1024w, https:\/\/loft360.com.co\/wp-content\/uploads\/2025\/02\/SOLINOMB-768x542.png 768w\" sizes=\"auto, (max-width: 1328px) 100vw, 1328px\" \/><div class=\"wp-block-cover__inner-container is-layout-constrained wp-block-cover-is-layout-constrained\">\n<div class=\"wp-block-cover is-light\" style=\"min-height:77px;aspect-ratio:unset;\"><span aria-hidden=\"true\" class=\"wp-block-cover__background has-white-background-color has-background-dim\"><\/span><img loading=\"lazy\" decoding=\"async\" width=\"10981\" height=\"3842\" class=\"wp-block-cover__image-background wp-image-788\" alt=\"\" src=\"https:\/\/loft360.com.co\/wp-content\/uploads\/2025\/02\/Fondo-Blanco_Mesa-de-trabajo-1.png\" data-object-fit=\"cover\" srcset=\"https:\/\/loft360.com.co\/wp-content\/uploads\/2025\/02\/Fondo-Blanco_Mesa-de-trabajo-1.png 10981w, https:\/\/loft360.com.co\/wp-content\/uploads\/2025\/02\/Fondo-Blanco_Mesa-de-trabajo-1-300x105.png 300w, https:\/\/loft360.com.co\/wp-content\/uploads\/2025\/02\/Fondo-Blanco_Mesa-de-trabajo-1-1024x358.png 1024w, https:\/\/loft360.com.co\/wp-content\/uploads\/2025\/02\/Fondo-Blanco_Mesa-de-trabajo-1-768x269.png 768w, https:\/\/loft360.com.co\/wp-content\/uploads\/2025\/02\/Fondo-Blanco_Mesa-de-trabajo-1-1536x537.png 1536w, https:\/\/loft360.com.co\/wp-content\/uploads\/2025\/02\/Fondo-Blanco_Mesa-de-trabajo-1-2048x717.png 2048w\" sizes=\"auto, (max-width: 10981px) 100vw, 10981px\" \/><div class=\"wp-block-cover__inner-container is-layout-constrained wp-block-cover-is-layout-constrained\">\n<h2 class=\"wp-block-heading has-text-align-center has-medium-font-size\">LOFT 360<br>Soluciones Inmobiliarias<\/h2>\n<\/div><\/div>\n<\/div><\/div>\n<\/div>\n\n\n\n<div class=\"wp-block-columns is-layout-flex wp-container-core-columns-is-layout-1 wp-block-columns-is-layout-flex\" id=\"BloqueLineas\">\n<div class=\"wp-block-column is-layout-flow wp-block-column-is-layout-flow\">\n<figure class=\"wp-block-image size-large is-resized\"><img loading=\"lazy\" decoding=\"async\" width=\"788\" height=\"1024\" src=\"https:\/\/loft360.com.co\/wp-content\/uploads\/2025\/01\/Imagen-de-WhatsApp-2025-01-21-a-las-15.58.10_c0fe7741-788x1024.jpg\" alt=\"\" class=\"wp-image-702\" style=\"width:384px;height:499px\" srcset=\"https:\/\/loft360.com.co\/wp-content\/uploads\/2025\/01\/Imagen-de-WhatsApp-2025-01-21-a-las-15.58.10_c0fe7741-788x1024.jpg 788w, https:\/\/loft360.com.co\/wp-content\/uploads\/2025\/01\/Imagen-de-WhatsApp-2025-01-21-a-las-15.58.10_c0fe7741-231x300.jpg 231w, https:\/\/loft360.com.co\/wp-content\/uploads\/2025\/01\/Imagen-de-WhatsApp-2025-01-21-a-las-15.58.10_c0fe7741-768x998.jpg 768w, https:\/\/loft360.com.co\/wp-content\/uploads\/2025\/01\/Imagen-de-WhatsApp-2025-01-21-a-las-15.58.10_c0fe7741.jpg 1000w\" sizes=\"auto, (max-width: 788px) 100vw, 788px\" \/><\/figure>\n<\/div>\n\n\n\n<div class=\"wp-block-column is-layout-flow wp-block-column-is-layout-flow\">\n<figure class=\"wp-block-image size-large\"><img loading=\"lazy\" decoding=\"async\" width=\"788\" height=\"1024\" src=\"https:\/\/loft360.com.co\/wp-content\/uploads\/2025\/01\/Imagen-de-WhatsApp-2025-01-21-a-las-15.58.10_7505c71c-788x1024.jpg\" alt=\"\" class=\"wp-image-703\" srcset=\"https:\/\/loft360.com.co\/wp-content\/uploads\/2025\/01\/Imagen-de-WhatsApp-2025-01-21-a-las-15.58.10_7505c71c-788x1024.jpg 788w, https:\/\/loft360.com.co\/wp-content\/uploads\/2025\/01\/Imagen-de-WhatsApp-2025-01-21-a-las-15.58.10_7505c71c-231x300.jpg 231w, https:\/\/loft360.com.co\/wp-content\/uploads\/2025\/01\/Imagen-de-WhatsApp-2025-01-21-a-las-15.58.10_7505c71c-768x998.jpg 768w, https:\/\/loft360.com.co\/wp-content\/uploads\/2025\/01\/Imagen-de-WhatsApp-2025-01-21-a-las-15.58.10_7505c71c.jpg 1000w\" sizes=\"auto, (max-width: 788px) 100vw, 788px\" \/><\/figure>\n<\/div>\n\n\n\n<div class=\"wp-block-column is-layout-flow wp-block-column-is-layout-flow\">\n<figure class=\"wp-block-image size-large\"><a href=\"https:\/\/loft360.com.co\/index.php\/recorridos-virtuales\/\"><img loading=\"lazy\" decoding=\"async\" width=\"788\" height=\"1024\" src=\"https:\/\/loft360.com.co\/wp-content\/uploads\/2025\/01\/Imagen-de-WhatsApp-2025-01-21-a-las-15.58.10_c27e4415-788x1024.jpg\" alt=\"\" class=\"wp-image-704\" srcset=\"https:\/\/loft360.com.co\/wp-content\/uploads\/2025\/01\/Imagen-de-WhatsApp-2025-01-21-a-las-15.58.10_c27e4415-788x1024.jpg 788w, https:\/\/loft360.com.co\/wp-content\/uploads\/2025\/01\/Imagen-de-WhatsApp-2025-01-21-a-las-15.58.10_c27e4415-231x300.jpg 231w, https:\/\/loft360.com.co\/wp-content\/uploads\/2025\/01\/Imagen-de-WhatsApp-2025-01-21-a-las-15.58.10_c27e4415-768x998.jpg 768w, https:\/\/loft360.com.co\/wp-content\/uploads\/2025\/01\/Imagen-de-WhatsApp-2025-01-21-a-las-15.58.10_c27e4415.jpg 1000w\" sizes=\"auto, (max-width: 788px) 100vw, 788px\" \/><\/a><\/figure>\n<\/div>\n<\/div>\n\n\n\n<div class=\"inherit-container-width wp-block-group alignfull has-ast-global-color-5-background-color has-background is-layout-constrained wp-block-group-is-layout-constrained\" id=\"Bloqueservicios\"><div class=\"wp-block-group__inner-container\">\n<div class=\"wp-block-columns are-vertically-aligned-center is-layout-flex wp-container-core-columns-is-layout-2 wp-block-columns-is-layout-flex\">\n<div class=\"wp-block-column is-vertically-aligned-center is-layout-flow wp-block-column-is-layout-flow\">\n<div class=\"wp-block-cover\"><span aria-hidden=\"true\" class=\"wp-block-cover__background has-ast-global-color-3-background-color has-background-dim-30 has-background-dim\"><\/span><img loading=\"lazy\" decoding=\"async\" width=\"1359\" height=\"784\" class=\"wp-block-cover__image-background wp-image-643\" alt=\"\" src=\"https:\/\/loft360.com.co\/wp-content\/uploads\/2022\/11\/LAJAS.jpg\" style=\"object-position:83% 70%\" data-object-fit=\"cover\" data-object-position=\"83% 70%\" srcset=\"https:\/\/loft360.com.co\/wp-content\/uploads\/2022\/11\/LAJAS.jpg 1359w, https:\/\/loft360.com.co\/wp-content\/uploads\/2022\/11\/LAJAS-300x173.jpg 300w, https:\/\/loft360.com.co\/wp-content\/uploads\/2022\/11\/LAJAS-1024x591.jpg 1024w, https:\/\/loft360.com.co\/wp-content\/uploads\/2022\/11\/LAJAS-768x443.jpg 768w\" sizes=\"auto, (max-width: 1359px) 100vw, 1359px\" \/><div class=\"wp-block-cover__inner-container is-layout-flow wp-block-cover-is-layout-flow\">\n<div class=\"wp-block-buttons is-layout-flex wp-block-buttons-is-layout-flex\">\n<div class=\"wp-block-button has-custom-font-size aligncenter is-style-fill has-medium-font-size\"><a class=\"wp-block-button__link has-background wp-element-button\" href=\"https:\/\/loft360.com.co\/index.php\/turismo\/\" style=\"border-radius:34px;background-color:#0f0f0ec2;padding-top:18px;padding-right:18px;padding-bottom:18px;padding-left:18px\"><strong>recorridos tur\u00edsticos<\/strong><\/a><\/div>\n<\/div>\n<\/div><\/div>\n<\/div>\n\n\n\n<div class=\"wp-block-column is-vertically-aligned-center is-layout-flow wp-block-column-is-layout-flow\">\n<div class=\"wp-block-cover\"><span aria-hidden=\"true\" class=\"wp-block-cover__background has-ast-global-color-3-background-color has-background-dim-30 has-background-dim\"><\/span><img loading=\"lazy\" decoding=\"async\" width=\"1888\" height=\"956\" class=\"wp-block-cover__image-background wp-image-642\" alt=\"\" src=\"https:\/\/loft360.com.co\/wp-content\/uploads\/2022\/11\/EMPOPASTO.jpg\" style=\"object-position:43% 78%\" data-object-fit=\"cover\" data-object-position=\"43% 78%\" srcset=\"https:\/\/loft360.com.co\/wp-content\/uploads\/2022\/11\/EMPOPASTO.jpg 1888w, https:\/\/loft360.com.co\/wp-content\/uploads\/2022\/11\/EMPOPASTO-300x152.jpg 300w, https:\/\/loft360.com.co\/wp-content\/uploads\/2022\/11\/EMPOPASTO-1024x519.jpg 1024w, https:\/\/loft360.com.co\/wp-content\/uploads\/2022\/11\/EMPOPASTO-768x389.jpg 768w, https:\/\/loft360.com.co\/wp-content\/uploads\/2022\/11\/EMPOPASTO-1536x778.jpg 1536w\" sizes=\"auto, (max-width: 1888px) 100vw, 1888px\" \/><div class=\"wp-block-cover__inner-container is-layout-flow wp-block-cover-is-layout-flow\">\n<div class=\"wp-block-buttons is-layout-flex wp-block-buttons-is-layout-flex\">\n<div class=\"wp-block-button has-custom-font-size aligncenter is-style-fill has-medium-font-size\"><a class=\"wp-block-button__link has-background wp-element-button\" href=\"https:\/\/loft360.com.co\/index.php\/industrial\/\" style=\"border-radius:34px;background-color:#0f0f0ec2;padding-top:18px;padding-right:18px;padding-bottom:18px;padding-left:18px\"><strong>recorridos iNDUSTRIAles<\/strong><\/a><\/div>\n<\/div>\n<\/div><\/div>\n<\/div>\n\n\n\n<div class=\"wp-block-column is-vertically-aligned-center is-layout-flow wp-block-column-is-layout-flow\">\n<div class=\"wp-block-cover\"><span aria-hidden=\"true\" class=\"wp-block-cover__background has-ast-global-color-3-background-color has-background-dim-30 has-background-dim\"><\/span><img loading=\"lazy\" decoding=\"async\" width=\"2000\" height=\"1040\" class=\"wp-block-cover__image-background wp-image-641\" alt=\"\" src=\"https:\/\/loft360.com.co\/wp-content\/uploads\/2022\/11\/ACACIAS-1.png\" style=\"object-position:45% 71%\" data-object-fit=\"cover\" data-object-position=\"45% 71%\" srcset=\"https:\/\/loft360.com.co\/wp-content\/uploads\/2022\/11\/ACACIAS-1.png 2000w, https:\/\/loft360.com.co\/wp-content\/uploads\/2022\/11\/ACACIAS-1-300x156.png 300w, https:\/\/loft360.com.co\/wp-content\/uploads\/2022\/11\/ACACIAS-1-1024x532.png 1024w, https:\/\/loft360.com.co\/wp-content\/uploads\/2022\/11\/ACACIAS-1-768x399.png 768w, https:\/\/loft360.com.co\/wp-content\/uploads\/2022\/11\/ACACIAS-1-1536x799.png 1536w\" sizes=\"auto, (max-width: 2000px) 100vw, 2000px\" \/><div class=\"wp-block-cover__inner-container is-layout-flow wp-block-cover-is-layout-flow\">\n<div class=\"wp-block-buttons is-layout-flex wp-block-buttons-is-layout-flex\">\n<div class=\"wp-block-button has-custom-font-size aligncenter is-style-fill has-medium-font-size\"><a class=\"wp-block-button__link has-background wp-element-button\" href=\"https:\/\/loft360.com.co\/index.php\/inmobiliario\/\" style=\"border-radius:34px;background-color:#0f0f0ec2;padding-top:18px;padding-right:18px;padding-bottom:18px;padding-left:18px\"><strong>recorridos iNMOBILIArios<\/strong><\/a><\/div>\n<\/div>\n<\/div><\/div>\n<\/div>\n\n\n\n<div class=\"wp-block-column is-vertically-aligned-center is-layout-flow wp-block-column-is-layout-flow\">\n<div class=\"wp-block-cover\"><span aria-hidden=\"true\" class=\"wp-block-cover__background has-ast-global-color-3-background-color has-background-dim-30 has-background-dim\"><\/span><img loading=\"lazy\" decoding=\"async\" width=\"1871\" height=\"956\" class=\"wp-block-cover__image-background wp-image-644\" alt=\"\" src=\"https:\/\/loft360.com.co\/wp-content\/uploads\/2022\/11\/EVA.jpg\" style=\"object-position:60% 53%\" data-object-fit=\"cover\" data-object-position=\"60% 53%\" srcset=\"https:\/\/loft360.com.co\/wp-content\/uploads\/2022\/11\/EVA.jpg 1871w, https:\/\/loft360.com.co\/wp-content\/uploads\/2022\/11\/EVA-300x153.jpg 300w, https:\/\/loft360.com.co\/wp-content\/uploads\/2022\/11\/EVA-1024x523.jpg 1024w, https:\/\/loft360.com.co\/wp-content\/uploads\/2022\/11\/EVA-768x392.jpg 768w, https:\/\/loft360.com.co\/wp-content\/uploads\/2022\/11\/EVA-1536x785.jpg 1536w\" sizes=\"auto, (max-width: 1871px) 100vw, 1871px\" \/><div class=\"wp-block-cover__inner-container is-layout-flow wp-block-cover-is-layout-flow\">\n<div class=\"wp-block-buttons is-layout-flex wp-block-buttons-is-layout-flex\">\n<div class=\"wp-block-button has-custom-font-size aligncenter is-style-fill has-medium-font-size\"><a class=\"wp-block-button__link has-background wp-element-button\" href=\"https:\/\/loft360.com.co\/index.php\/comercial\/\" style=\"border-radius:34px;background-color:#0f0f0ec2;padding-top:18px;padding-right:18px;padding-bottom:18px;padding-left:18px\"><strong>recorridos cOMERCIAles<\/strong><\/a><\/div>\n<\/div>\n<\/div><\/div>\n<\/div>\n<\/div>\n<\/div><\/div>\n\n\n\n<div class=\"inherit-container-width wp-block-group alignfull has-ast-global-color-5-background-color has-background is-layout-constrained wp-block-group-is-layout-constrained\"><div class=\"wp-block-group__inner-container\">\n<div class=\"wp-block-columns is-layout-flex wp-container-core-columns-is-layout-3 wp-block-columns-is-layout-flex\">\n<div class=\"wp-block-column is-layout-flow wp-block-column-is-layout-flow\">\n<div class=\"wp-block-buttons is-layout-flex wp-block-buttons-is-layout-flex\"><\/div>\n<\/div>\n<\/div>\n<\/div><\/div>\n\n\n\n<p><\/p>\n\n\n\n<div class=\"wp-block-uagb-container uagb-block-89df1dd2 alignfull uagb-is-root-container\"><div class=\"uagb-container-inner-blocks-wrap\"><\/div><\/div>\n\n\n\n<p><\/p>\n","protected":false},"excerpt":{"rendered":"<p>En LOFT360 combinamos arquitectura, tecnolog\u00eda y realidad aumentada para transformar la manera en que se dise\u00f1an, exploran y comercializan los espacios. Nuestro equipo de expertos utiliza herramientas avanzadas como BIM, recorridos virtuales 360\u00b0 y modelado 3D para ofrecer soluciones innovadoras tanto en el \u00e1mbito arquitect\u00f3nico como en el sector inmobiliario. Ya sea para visualizar un [&hellip;]<\/p>\n","protected":false},"author":1,"featured_media":0,"parent":0,"menu_order":0,"comment_status":"closed","ping_status":"closed","template":"","meta":{"om_disable_all_campaigns":false,"_uag_custom_page_level_css":"","_monsterinsights_skip_tracking":false,"_monsterinsights_sitenote_active":false,"_monsterinsights_sitenote_note":"","_monsterinsights_sitenote_category":0,"site-sidebar-layout":"no-sidebar","site-content-layout":"plain-container","ast-site-content-layout":"normal-width-container","site-content-style":"unboxed","site-sidebar-style":"unboxed","ast-global-header-display":"","ast-banner-title-visibility":"","ast-main-header-display":"","ast-hfb-above-header-display":"","ast-hfb-below-header-display":"","ast-hfb-mobile-header-display":"","site-post-title":"disabled","ast-breadcrumbs-content":"","ast-featured-img":"disabled","footer-sml-layout":"","theme-transparent-header-meta":"enabled","adv-header-id-meta":"","stick-header-meta":"","header-above-stick-meta":"","header-main-stick-meta":"","header-below-stick-meta":"","astra-migrate-meta-layouts":"set","ast-page-background-enabled":"default","ast-page-background-meta":{"desktop":{"background-color":"","background-image":"","background-repeat":"repeat","background-position":"center center","background-size":"auto","background-attachment":"scroll","background-type":"","background-media":"","overlay-type":"","overlay-color":"","overlay-opacity":"","overlay-gradient":""},"tablet":{"background-color":"","background-image":"","background-repeat":"repeat","background-position":"center center","background-size":"auto","background-attachment":"scroll","background-type":"","background-media":"","overlay-type":"","overlay-color":"","overlay-opacity":"","overlay-gradient":""},"mobile":{"background-color":"","background-image":"","background-repeat":"repeat","background-position":"center center","background-size":"auto","background-attachment":"scroll","background-type":"","background-media":"","overlay-type":"","overlay-color":"","overlay-opacity":"","overlay-gradient":""}},"ast-content-background-meta":{"desktop":{"background-color":"var(--ast-global-color-5)","background-image":"","background-repeat":"repeat","background-position":"center center","background-size":"auto","background-attachment":"scroll","background-type":"","background-media":"","overlay-type":"","overlay-color":"","overlay-opacity":"","overlay-gradient":""},"tablet":{"background-color":"var(--ast-global-color-5)","background-image":"","background-repeat":"repeat","background-position":"center center","background-size":"auto","background-attachment":"scroll","background-type":"","background-media":"","overlay-type":"","overlay-color":"","overlay-opacity":"","overlay-gradient":""},"mobile":{"background-color":"var(--ast-global-color-5)","background-image":"","background-repeat":"repeat","background-position":"center center","background-size":"auto","background-attachment":"scroll","background-type":"","background-media":"","overlay-type":"","overlay-color":"","overlay-opacity":"","overlay-gradient":""}},"footnotes":""},"class_list":["post-217","page","type-page","status-publish","hentry"],"aioseo_notices":[],"uagb_featured_image_src":{"full":false,"thumbnail":false,"medium":false,"medium_large":false,"large":false,"1536x1536":false,"2048x2048":false},"uagb_author_info":{"display_name":"loft360","author_link":"https:\/\/loft360.com.co\/index.php\/author\/loft360\/"},"uagb_comment_info":0,"uagb_excerpt":"En LOFT360 combinamos arquitectura, tecnolog\u00eda y realidad aumentada para transformar la manera en que se dise\u00f1an, exploran y comercializan los espacios. Nuestro equipo de expertos utiliza herramientas avanzadas como BIM, recorridos virtuales 360\u00b0 y modelado 3D para ofrecer soluciones innovadoras tanto en el \u00e1mbito arquitect\u00f3nico como en el sector inmobiliario. Ya sea para visualizar un&hellip;","_links":{"self":[{"href":"https:\/\/loft360.com.co\/index.php\/wp-json\/wp\/v2\/pages\/217","targetHints":{"allow":["GET"]}}],"collection":[{"href":"https:\/\/loft360.com.co\/index.php\/wp-json\/wp\/v2\/pages"}],"about":[{"href":"https:\/\/loft360.com.co\/index.php\/wp-json\/wp\/v2\/types\/page"}],"author":[{"embeddable":true,"href":"https:\/\/loft360.com.co\/index.php\/wp-json\/wp\/v2\/users\/1"}],"replies":[{"embeddable":true,"href":"https:\/\/loft360.com.co\/index.php\/wp-json\/wp\/v2\/comments?post=217"}],"version-history":[{"count":84,"href":"https:\/\/loft360.com.co\/index.php\/wp-json\/wp\/v2\/pages\/217\/revisions"}],"predecessor-version":[{"id":808,"href":"https:\/\/loft360.com.co\/index.php\/wp-json\/wp\/v2\/pages\/217\/revisions\/808"}],"wp:attachment":[{"href":"https:\/\/loft360.com.co\/index.php\/wp-json\/wp\/v2\/media?parent=217"}],"curies":[{"name":"wp","href":"https:\/\/api.w.org\/{rel}","templated":true}]}}